{"id":500,"date":"2016-01-20T06:39:05","date_gmt":"2016-01-20T06:39:05","guid":{"rendered":"http:\/\/www.hotoilboiler.com\/es\/?page_id=500"},"modified":"2016-01-20T06:39:07","modified_gmt":"2016-01-20T06:39:07","slug":"acerca-de-nosotros","status":"publish","type":"page","link":"https:\/\/www.hotoilboiler.com\/es\/acerca-de-nosotros\/","title":{"rendered":"Acerca de nosotros"},"content":{"rendered":"<p><a href=\"https:\/\/www.hotoilboiler.com\/\"><img decoding=\"async\" class=\"alignnone size-full wp-image-170\" src=\"https:\/\/www.hotoilboiler.com\/wp-content\/uploads\/2015\/05\/Thermal-Oil-Boiler-Factory-Yard.jpg\" alt=\"Thermal-Oil-Boiler-Factory-Yard\" width=\"1000\" height=\"563\" \/><\/a><\/p>\n<p>Fundada en 1992, Romiter Group Limited est\u00e1 comprometida con la fabricaci\u00f3n y exportaci\u00f3n de ahorro de enery equipos de calefacci\u00f3n completa, incluyendo caldera t\u00e9rmica de aceite (producto de transferencia de calor del fluido t\u00e9rmico), generador de vapor de aceite t\u00e9rmico, almacenamiento criog\u00e9nico Dewar.<\/p>\n<p><img decoding=\"async\" class=\"alignnone size-full wp-image-117\" src=\"https:\/\/www.hotoilboiler.com\/wp-content\/uploads\/2015\/05\/Romiter-Thermal-Fluid-Heating-System.jpg\" alt=\"Romiter-Thermal-Fluid-Heating-System\" width=\"1000\" height=\"563\" \/><\/p>\n<p>Como sabemos, el agua y el vapor de agua se utilizan como portadores de calor en sistemas de calefacci\u00f3n proceso. Pero a temperaturas superiores a 100 \u2103, el agua y el vapor requiere una presi\u00f3n de trabajo superior correspondiente. En este nivel de calentamiento industrial de alta temperatura es a menudo una demanda. Con el fin de lograr la salida de alta necesaria del proceso, debe dise\u00f1ar presiones muy altas caldera de vapor o calentador de agua y este costo es muy alto y el peligro.<\/p>\n<p><img decoding=\"async\" class=\"alignnone size-full wp-image-116\" src=\"https:\/\/www.hotoilboiler.com\/wp-content\/uploads\/2015\/05\/Thermal-Oil-Boiler-Hot-Oil-Boiler-Workshop-Visit.jpg\" alt=\"Thermal-Oil-Boiler,-Hot-Oil-Boiler-Workshop-Visit\" width=\"1000\" height=\"533\" \/><\/p>\n<p>Calderas de aceite t\u00e9rmico, un fluido t\u00e9rmico a base de aceite especial se utilizan como el portador de calor &#8211; en lugar de agua o vapor. Este fluido t\u00e9rmico-tambi\u00e9n llamado fluido de transferencia de calor &#8211; opera a presi\u00f3n atmosf\u00e9rica todo el camino hasta 300 \u2103. Aceite t\u00e9rmico ofrece la alta temperatura de usuario a presiones muy bajas.<\/p>\n<p><img decoding=\"async\" class=\"alignnone size-full wp-image-252\" src=\"https:\/\/www.hotoilboiler.com\/wp-content\/uploads\/2015\/05\/3000KW-Chain-Grate-Coal-Fired-Thermal-Oil-Boilers.jpg\" alt=\"3000KW-Chain-Grate-Coal-Fired-Thermal-Oil-Boilers\" width=\"1000\" height=\"814\" \/><\/p>\n<p>Despu\u00e9s de muchos a\u00f1os llegar y desarrollo, Romiter Grupo puede proporcionar carb\u00f3n t\u00e9rmico caldera de aceite, dispar\u00f3 gas caldera de aceite t\u00e9rmico dispar\u00f3, diesel caldera de aceite t\u00e9rmico, calefacci\u00f3n el\u00e9ctrica caldera de aceite t\u00e9rmico, carb\u00f3n despedido calentador de sales fundidas, gas o gasoil calentador de sales fundidas y todos tipo de vac\u00edo de gas Dewar almacenamiento criog\u00e9nico l\u00edquido.<\/p>\n<p><img decoding=\"async\" class=\"alignnone size-full wp-image-118\" src=\"https:\/\/www.hotoilboiler.com\/wp-content\/uploads\/2015\/05\/Romiter-Thermal-Fluid-Heating-System-hot-oil-boiler-thermal-oil-boiler.jpg\" alt=\"Romiter-Thermal-Fluid-Heating-System,-hot-oil-boiler,-thermal-oil-boiler\" width=\"1000\" height=\"563\" \/><\/p>\n<h2>Servicio<\/h2>\n<ol>\n<li>Nuestros propio personal de control de calidad para comprobar la calidad terminantemente antes de entregar a nuestros clientes.<\/li>\n<li>Introducciones detalladas hacen que usted entiende, y hacen que te permite operar todas las m\u00e1quinas con facilidad<\/li>\n<li>Si ingeniero profesional necesario ir\u00e1 a su planta para configurar la m\u00e1quina para usted hasta que se desenvuelve muy bien<\/li>\n<li>Si hab\u00eda algo malo con las m\u00e1quinas, prometemos que se resolver\u00e1 dentro de las 24 horas<\/li>\n<\/ol>\n<h2>Factory Visit<\/h2>\n<p><iframe src=\"https:\/\/www.youtube.com\/embed\/c_yhLvoQtmE?rel=0\" width=\"1000\" height=\"600\" frameborder=\"0\" allowfullscreen=\"allowfullscreen\"><\/iframe><\/p>\n<p><iframe src=\"https:\/\/www.youtube.com\/embed\/nEV1guJLDYo?rel=0\" width=\"1000\" height=\"600\" frameborder=\"0\" allowfullscreen=\"allowfullscreen\"><\/iframe><\/p>\n<p>Gran servicio, alta calidad, precios competitivos y entrega oportuna es nuestra filosof\u00eda empresarial. Vamos a cooperar plenamente sobre la base de igualdad y beneficio mutuo con nuestros socios internacionales. Romiter esperamos sinceramente para convertirse en su proveedor chino y socio en el campo del equipo de calefacci\u00f3n de ahorro de energ\u00eda.<\/p>\n<p>&nbsp;<\/p>\n<p>Follow Us:<\/p>\n<p><a href=\"https:\/\/www.facebook.com\/thermaloilboiler\" rel=\"nofollow\">https:\/\/www.facebook.com\/thermaloilboiler<\/a><\/p>\n<p><a href=\"https:\/\/www.facebook.com\/hotoilboiler\" rel=\"nofollow\">https:\/\/www.facebook.com\/hotoilboiler<\/a><\/p>\n<h2>Welcome to Contact Us<\/h2>\n\n<div class=\"wpcf7 no-js\" id=\"wpcf7-f4-o1\" lang=\"en-US\" dir=\"ltr\" data-wpcf7-id=\"4\">\n<div class=\"screen-reader-response\"><p role=\"status\" aria-live=\"polite\" aria-atomic=\"true\"><\/p> <ul><\/ul><\/div>\n<form action=\"\/es\/wp-json\/wp\/v2\/pages\/500#wpcf7-f4-o1\" method=\"post\" class=\"wpcf7-form init\" aria-label=\"Contact form\" novalidate=\"novalidate\" data-status=\"init\">\n<fieldset class=\"hidden-fields-container\"><input type=\"hidden\" name=\"_wpcf7\" value=\"4\" \/><input type=\"hidden\" name=\"_wpcf7_version\" value=\"6.1.4\" \/><input type=\"hidden\" name=\"_wpcf7_locale\" value=\"en_US\" \/><input type=\"hidden\" name=\"_wpcf7_unit_tag\" value=\"wpcf7-f4-o1\" \/><input type=\"hidden\" name=\"_wpcf7_container_post\" value=\"0\" \/><input type=\"hidden\" name=\"_wpcf7_posted_data_hash\" value=\"\" \/>\n<\/fieldset>\n<div id=\"inquiryForm\">\n\t<h2>Send Us Inquiry to Get Quotation\n\t<\/h2>\n\t<p>Please enter your contact information and the details you want to know about our product.\n\t<\/p>\n\t<p>Your Name (required)\n\t<\/p>\n\t<p><span class=\"wpcf7-form-control-wrap\" data-name=\"your-name\"><input size=\"40\" maxlength=\"400\" class=\"wpcf7-form-control wpcf7-text wpcf7-validates-as-required\" aria-required=\"true\" aria-invalid=\"false\" value=\"\" type=\"text\" name=\"your-name\" \/><\/span>\n\t<\/p>\n\t<p>Your Email (required)\n\t<\/p>\n\t<p><span class=\"wpcf7-form-control-wrap\" data-name=\"your-email\"><input size=\"40\" maxlength=\"400\" class=\"wpcf7-form-control wpcf7-email wpcf7-validates-as-required wpcf7-text wpcf7-validates-as-email\" aria-required=\"true\" aria-invalid=\"false\" value=\"\" type=\"email\" name=\"your-email\" \/><\/span>\n\t<\/p>\n\t<p>Country\n\t<\/p>\n\t<p><span class=\"wpcf7-form-control-wrap\" data-name=\"your-country\"><input size=\"40\" maxlength=\"400\" class=\"wpcf7-form-control wpcf7-text\" aria-invalid=\"false\" placeholder=\"Tell us Your Country\" value=\"\" type=\"text\" name=\"your-country\" \/><\/span>\n\t<\/p>\n\t<p>WhatsApp\n\t<\/p>\n\t<p><span class=\"wpcf7-form-control-wrap\" data-name=\"your-whatsapp\"><input size=\"40\" maxlength=\"400\" class=\"wpcf7-form-control wpcf7-text\" aria-invalid=\"false\" placeholder=\"Your WhatsApp ID with Country Code\" value=\"\" type=\"text\" name=\"your-whatsapp\" \/><\/span>\n\t<\/p>\n\t<p>Subject\n\t<\/p>\n\t<p><span class=\"wpcf7-form-control-wrap\" data-name=\"your-subject\"><input size=\"40\" maxlength=\"400\" class=\"wpcf7-form-control wpcf7-text\" aria-invalid=\"false\" value=\"\" type=\"text\" name=\"your-subject\" \/><\/span>\n\t<\/p>\n\t<p>Your Message\n\t<\/p>\n\t<p><span class=\"wpcf7-form-control-wrap\" data-name=\"your-message\"><textarea cols=\"40\" rows=\"10\" maxlength=\"2000\" class=\"wpcf7-form-control wpcf7-textarea\" aria-invalid=\"false\" placeholder=\"please specify your detail requirement here\" name=\"your-message\"><\/textarea><\/span>\n\t<\/p>\n\t<p><input class=\"wpcf7-form-control wpcf7-submit has-spinner\" type=\"submit\" value=\"Send\" \/>\n\t<\/p>\n<\/div><p style=\"display: none !important;\" class=\"akismet-fields-container\" data-prefix=\"_wpcf7_ak_\"><label>&#916;<textarea name=\"_wpcf7_ak_hp_textarea\" cols=\"45\" rows=\"8\" maxlength=\"100\"><\/textarea><\/label><input type=\"hidden\" id=\"ak_js_1\" name=\"_wpcf7_ak_js\" value=\"122\"\/><script>document.getElementById( \"ak_js_1\" ).setAttribute( \"value\", ( new Date() ).getTime() );<\/script><\/p><div class=\"wpcf7-response-output\" aria-hidden=\"true\"><\/div>\n<\/form>\n<\/div>\n\n","protected":false},"excerpt":{"rendered":"<p>Fundada en 1992, Romiter Group Limited est\u00e1 comprometida con la fabricaci\u00f3n y exportaci\u00f3n de ahorro de enery equipos de calefacci\u00f3n completa, incluyendo caldera t\u00e9rmica de aceite (producto de transferencia de calor del fluido t\u00e9rmico), generador de vapor de aceite t\u00e9rmico, almacenamiento criog\u00e9nico Dewar. Como sabemos, el agua y el vapor de agua se utilizan como portadores de calor en sistemas de calefacci\u00f3n proceso. Pero a temperaturas superiores a 100 \u2103, el agua y el vapor requiere una presi\u00f3n de trabajo superior correspondiente. En este nivel de calentamiento industrial de alta temperatura es a menudo una demanda. Con el fin de lograr la salida de alta necesaria del proceso, debe dise\u00f1ar presiones muy altas caldera de vapor o calentador de agua y este costo es muy alto y el peligro. Calderas de aceite t\u00e9rmico, un fluido t\u00e9rmico a base de aceite especial se utilizan como el portador de calor &#8211; en lugar de agua o vapor. Este fluido t\u00e9rmico-tambi\u00e9n llamado fluido &#8230;<\/p>\n","protected":false},"author":1,"featured_media":0,"parent":0,"menu_order":0,"comment_status":"closed","ping_status":"closed","template":"","meta":{"footnotes":""},"class_list":["post-500","page","type-page","status-publish","hentry"],"aioseo_notices":[],"jetpack_sharing_enabled":true,"_links":{"self":[{"href":"https:\/\/www.hotoilboiler.com\/es\/wp-json\/wp\/v2\/pages\/500","targetHints":{"allow":["GET"]}}],"collection":[{"href":"https:\/\/www.hotoilboiler.com\/es\/wp-json\/wp\/v2\/pages"}],"about":[{"href":"https:\/\/www.hotoilboiler.com\/es\/wp-json\/wp\/v2\/types\/page"}],"author":[{"embeddable":true,"href":"https:\/\/www.hotoilboiler.com\/es\/wp-json\/wp\/v2\/users\/1"}],"replies":[{"embeddable":true,"href":"https:\/\/www.hotoilboiler.com\/es\/wp-json\/wp\/v2\/comments?post=500"}],"version-history":[{"count":0,"href":"https:\/\/www.hotoilboiler.com\/es\/wp-json\/wp\/v2\/pages\/500\/revisions"}],"wp:attachment":[{"href":"https:\/\/www.hotoilboiler.com\/es\/wp-json\/wp\/v2\/media?parent=500"}],"curies":[{"name":"wp","href":"https:\/\/api.w.org\/{rel}","templated":true}]}}