{"id":498,"date":"2016-01-20T06:35:58","date_gmt":"2016-01-20T06:35:58","guid":{"rendered":"http:\/\/www.hotoilboiler.com\/fr\/?page_id=498"},"modified":"2016-01-20T06:35:58","modified_gmt":"2016-01-20T06:35:58","slug":"a-propos-de-nous","status":"publish","type":"page","link":"https:\/\/www.hotoilboiler.com\/fr\/a-propos-de-nous\/","title":{"rendered":"\u00c0 propos de nous"},"content":{"rendered":"<p><a href=\"https:\/\/www.hotoilboiler.com\/\"><img decoding=\"async\" class=\"alignnone size-full wp-image-170\" src=\"https:\/\/www.hotoilboiler.com\/wp-content\/uploads\/2015\/05\/Thermal-Oil-Boiler-Factory-Yard.jpg\" alt=\"Thermal-Oil-Boiler-Factory-Yard\" width=\"1000\" height=\"563\" \/><\/a><\/p>\n<p>Cr\u00e9\u00e9 en 1992, Romiter Group Limited se sont engag\u00e9s \u00e0 la fabrication et exportant appareils de chauffage \u00e9conomes d&rsquo;enery compl\u00e8te, y compris chaudi\u00e8re thermique de l&rsquo;huile (produit de transfert de chaleur \u00e0 fluide thermique), g\u00e9n\u00e9rateur de vapeur d&rsquo;huile thermique, stockage cryog\u00e9nique Dewar.<\/p>\n<p><img decoding=\"async\" class=\"alignnone size-full wp-image-117\" src=\"https:\/\/www.hotoilboiler.com\/wp-content\/uploads\/2015\/05\/Romiter-Thermal-Fluid-Heating-System.jpg\" alt=\"Romiter-Thermal-Fluid-Heating-System\" width=\"1000\" height=\"563\" \/><\/p>\n<p>Comme nous le savons, l&rsquo;eau et la vapeur sont utilis\u00e9s comme supports de chaleur dans les syst\u00e8mes de chauffage de processus. Mais au-dessus de 100 \u2103 temp\u00e9ratures, l&rsquo;eau et la vapeur n\u00e9cessite une pression de fonctionnement plus \u00e9lev\u00e9e correspondant. En chauffage industriel ce niveau de temp\u00e9rature \u00e9lev\u00e9e est souvent une demande. Afin d&rsquo;atteindre la sortie haute n\u00e9cessaire du processus, vous devez concevoir de tr\u00e8s hautes pressions chaudi\u00e8re \u00e0 vapeur ou chauffe-eau et ce co\u00fbt est tr\u00e8s \u00e9lev\u00e9 et le danger.<\/p>\n<p><img decoding=\"async\" class=\"alignnone size-full wp-image-116\" src=\"https:\/\/www.hotoilboiler.com\/wp-content\/uploads\/2015\/05\/Thermal-Oil-Boiler-Hot-Oil-Boiler-Workshop-Visit.jpg\" alt=\"Thermal-Oil-Boiler,-Hot-Oil-Boiler-Workshop-Visit\" width=\"1000\" height=\"533\" \/><\/p>\n<p>Chaudi\u00e8res \u00e0 huile thermique, un liquide sp\u00e9cial \u00e0 base d&rsquo;huile thermique sont utilis\u00e9s comme support de chaleur &#8211; \u00e0 la place de l&rsquo;eau ou de la vapeur. Ce fluide-aussi appel\u00e9 fluide thermique de transfert de chaleur &#8211; fonctionne \u00e0 la pression atmosph\u00e9rique tout le chemin jusqu&rsquo;\u00e0 300 \u2103. Huile thermique offre la haute temp\u00e9rature de l&rsquo;utilisateur \u00e0 de tr\u00e8s basses pressions.<\/p>\n<p><img decoding=\"async\" class=\"alignnone size-full wp-image-252\" src=\"https:\/\/www.hotoilboiler.com\/wp-content\/uploads\/2015\/05\/3000KW-Chain-Grate-Coal-Fired-Thermal-Oil-Boilers.jpg\" alt=\"3000KW-Chain-Grate-Coal-Fired-Thermal-Oil-Boilers\" width=\"1000\" height=\"814\" \/><\/p>\n<p>Apr\u00e8s de nombreuses ann\u00e9es atteignent &amp; d\u00e9veloppement, Romiter Groupe peut fournir charbon chaudi\u00e8re \u00e0 huile thermique chaudi\u00e8re au fuel, au gaz thermique, diesel chaudi\u00e8re d&rsquo;huile thermique, chaudi\u00e8re \u00e0 huile thermique de chauffage \u00e9lectrique, au charbon chauffe-sel fondu, gaz ou au mazout de chauffage de sel fondu et tout liquide de type sous vide de gaz Dewar de stockage cryog\u00e9nique.<\/p>\n<p><img decoding=\"async\" class=\"alignnone size-full wp-image-118\" src=\"https:\/\/www.hotoilboiler.com\/wp-content\/uploads\/2015\/05\/Romiter-Thermal-Fluid-Heating-System-hot-oil-boiler-thermal-oil-boiler.jpg\" alt=\"Romiter-Thermal-Fluid-Heating-System,-hot-oil-boiler,-thermal-oil-boiler\" width=\"1000\" height=\"563\" \/><\/p>\n<h2>Service<\/h2>\n<ol>\n<li>Nos propres personnels QC pour v\u00e9rifier la qualit\u00e9 strictement avant de livrer \u00e0 nos clients.<\/li>\n<li>Introductions d\u00e9taill\u00e9es font que vous avez compris, et vous faire pour commander facilement toutes les machines<\/li>\n<li>Si ing\u00e9nieur besoin ira \u00e0 votre usine pour r\u00e9gler la machine pour vous jusqu&rsquo;\u00e0 ce qu&rsquo;il fonctionne tr\u00e8s bien<\/li>\n<li>Si il y avait quelque chose de mal avec les machines, nous promettons qu&rsquo;il sera r\u00e9solu dans les 24 heures<br \/>\nVisite d&rsquo;usine<\/li>\n<\/ol>\n<p>&nbsp;<\/p>\n<h2>Factory Visit<\/h2>\n<p><iframe src=\"https:\/\/www.youtube.com\/embed\/c_yhLvoQtmE?rel=0\" width=\"1000\" height=\"600\" frameborder=\"0\" allowfullscreen=\"allowfullscreen\"><\/iframe><\/p>\n<p><iframe src=\"https:\/\/www.youtube.com\/embed\/nEV1guJLDYo?rel=0\" width=\"1000\" height=\"600\" frameborder=\"0\" allowfullscreen=\"allowfullscreen\"><\/iframe><\/p>\n<p>Super service, de haute qualit\u00e9, des prix comp\u00e9titifs, et une livraison rapide est notre philosophie d&rsquo;entreprise. Nous allons coop\u00e9rer pleinement sur la base de l&rsquo;\u00e9galit\u00e9 et de b\u00e9n\u00e9fice mutuel avec nos partenaires internationaux. Romiter esp\u00e9rons sinc\u00e8rement devenir votre fournisseur chinois et partenaire dans le domaine de l&rsquo;\u00e9quipement de chauffage d&rsquo;\u00e9conomie d&rsquo;\u00e9nergie.<\/p>\n<p>&nbsp;<\/p>\n<h2><\/h2>\n<p>Follow Us:<\/p>\n<p><a href=\"https:\/\/www.facebook.com\/thermaloilboiler\" rel=\"nofollow\">https:\/\/www.facebook.com\/thermaloilboiler<\/a><\/p>\n<p><a href=\"https:\/\/www.facebook.com\/hotoilboiler\" rel=\"nofollow\">https:\/\/www.facebook.com\/hotoilboiler<\/a><\/p>\n<h2>Welcome to Contact Us<\/h2>\n\n<div class=\"wpcf7 no-js\" id=\"wpcf7-f4-o1\" lang=\"en-US\" dir=\"ltr\" data-wpcf7-id=\"4\">\n<div class=\"screen-reader-response\"><p role=\"status\" aria-live=\"polite\" aria-atomic=\"true\"><\/p> <ul><\/ul><\/div>\n<form action=\"\/fr\/wp-json\/wp\/v2\/pages\/498#wpcf7-f4-o1\" method=\"post\" class=\"wpcf7-form init\" aria-label=\"Contact form\" novalidate=\"novalidate\" data-status=\"init\">\n<fieldset class=\"hidden-fields-container\"><input type=\"hidden\" name=\"_wpcf7\" value=\"4\" \/><input type=\"hidden\" name=\"_wpcf7_version\" value=\"6.1.4\" \/><input type=\"hidden\" name=\"_wpcf7_locale\" value=\"en_US\" \/><input type=\"hidden\" name=\"_wpcf7_unit_tag\" value=\"wpcf7-f4-o1\" \/><input type=\"hidden\" name=\"_wpcf7_container_post\" value=\"0\" \/><input type=\"hidden\" name=\"_wpcf7_posted_data_hash\" value=\"\" \/>\n<\/fieldset>\n<div id=\"inquiryForm\">\n\t<h2>Send Us Inquiry to Get Quotation\n\t<\/h2>\n\t<p>Please enter your contact information and the details you want to know about our product.\n\t<\/p>\n\t<p>Your Name (required)\n\t<\/p>\n\t<p><span class=\"wpcf7-form-control-wrap\" data-name=\"your-name\"><input size=\"40\" maxlength=\"400\" class=\"wpcf7-form-control wpcf7-text wpcf7-validates-as-required\" aria-required=\"true\" aria-invalid=\"false\" value=\"\" type=\"text\" name=\"your-name\" \/><\/span>\n\t<\/p>\n\t<p>Your Email (required)\n\t<\/p>\n\t<p><span class=\"wpcf7-form-control-wrap\" data-name=\"your-email\"><input size=\"40\" maxlength=\"400\" class=\"wpcf7-form-control wpcf7-email wpcf7-validates-as-required wpcf7-text wpcf7-validates-as-email\" aria-required=\"true\" aria-invalid=\"false\" value=\"\" type=\"email\" name=\"your-email\" \/><\/span>\n\t<\/p>\n\t<p>Country\n\t<\/p>\n\t<p><span class=\"wpcf7-form-control-wrap\" data-name=\"your-country\"><input size=\"40\" maxlength=\"400\" class=\"wpcf7-form-control wpcf7-text\" aria-invalid=\"false\" placeholder=\"Tell us Your Country\" value=\"\" type=\"text\" name=\"your-country\" \/><\/span>\n\t<\/p>\n\t<p>WhatsApp\n\t<\/p>\n\t<p><span class=\"wpcf7-form-control-wrap\" data-name=\"your-whatsapp\"><input size=\"40\" maxlength=\"400\" class=\"wpcf7-form-control wpcf7-text\" aria-invalid=\"false\" placeholder=\"Your WhatsApp ID with Country Code\" value=\"\" type=\"text\" name=\"your-whatsapp\" \/><\/span>\n\t<\/p>\n\t<p>Subject\n\t<\/p>\n\t<p><span class=\"wpcf7-form-control-wrap\" data-name=\"your-subject\"><input size=\"40\" maxlength=\"400\" class=\"wpcf7-form-control wpcf7-text\" aria-invalid=\"false\" value=\"\" type=\"text\" name=\"your-subject\" \/><\/span>\n\t<\/p>\n\t<p>Your Message\n\t<\/p>\n\t<p><span class=\"wpcf7-form-control-wrap\" data-name=\"your-message\"><textarea cols=\"40\" rows=\"10\" maxlength=\"2000\" class=\"wpcf7-form-control wpcf7-textarea\" aria-invalid=\"false\" placeholder=\"please specify your detail requirement here\" name=\"your-message\"><\/textarea><\/span>\n\t<\/p>\n\t<p><input class=\"wpcf7-form-control wpcf7-submit has-spinner\" type=\"submit\" value=\"Send\" \/>\n\t<\/p>\n<\/div><p style=\"display: none !important;\" class=\"akismet-fields-container\" data-prefix=\"_wpcf7_ak_\"><label>&#916;<textarea name=\"_wpcf7_ak_hp_textarea\" cols=\"45\" rows=\"8\" maxlength=\"100\"><\/textarea><\/label><input type=\"hidden\" id=\"ak_js_1\" name=\"_wpcf7_ak_js\" value=\"124\"\/><script>document.getElementById( \"ak_js_1\" ).setAttribute( \"value\", ( new Date() ).getTime() );<\/script><\/p><div class=\"wpcf7-response-output\" aria-hidden=\"true\"><\/div>\n<\/form>\n<\/div>\n\n","protected":false},"excerpt":{"rendered":"<p>Cr\u00e9\u00e9 en 1992, Romiter Group Limited se sont engag\u00e9s \u00e0 la fabrication et exportant appareils de chauffage \u00e9conomes d&rsquo;enery compl\u00e8te, y compris chaudi\u00e8re thermique de l&rsquo;huile (produit de transfert de chaleur \u00e0 fluide thermique), g\u00e9n\u00e9rateur de vapeur d&rsquo;huile thermique, stockage cryog\u00e9nique Dewar. Comme nous le savons, l&rsquo;eau et la vapeur sont utilis\u00e9s comme supports de chaleur dans les syst\u00e8mes de chauffage de processus. Mais au-dessus de 100 \u2103 temp\u00e9ratures, l&rsquo;eau et la vapeur n\u00e9cessite une pression de fonctionnement plus \u00e9lev\u00e9e correspondant. En chauffage industriel ce niveau de temp\u00e9rature \u00e9lev\u00e9e est souvent une demande. Afin d&rsquo;atteindre la sortie haute n\u00e9cessaire du processus, vous devez concevoir de tr\u00e8s hautes pressions chaudi\u00e8re \u00e0 vapeur ou chauffe-eau et ce co\u00fbt est tr\u00e8s \u00e9lev\u00e9 et le danger. Chaudi\u00e8res \u00e0 huile thermique, un liquide sp\u00e9cial \u00e0 base d&rsquo;huile thermique sont utilis\u00e9s comme support de chaleur &#8211; \u00e0 la place de l&rsquo;eau ou de la vapeur. Ce fluide-aussi appel\u00e9 fluide thermique de transfert de chaleur &#8211; fonctionne &#8230;<\/p>\n","protected":false},"author":1,"featured_media":0,"parent":0,"menu_order":0,"comment_status":"closed","ping_status":"closed","template":"","meta":{"footnotes":""},"class_list":["post-498","page","type-page","status-publish","hentry"],"aioseo_notices":[],"jetpack_sharing_enabled":true,"_links":{"self":[{"href":"https:\/\/www.hotoilboiler.com\/fr\/wp-json\/wp\/v2\/pages\/498","targetHints":{"allow":["GET"]}}],"collection":[{"href":"https:\/\/www.hotoilboiler.com\/fr\/wp-json\/wp\/v2\/pages"}],"about":[{"href":"https:\/\/www.hotoilboiler.com\/fr\/wp-json\/wp\/v2\/types\/page"}],"author":[{"embeddable":true,"href":"https:\/\/www.hotoilboiler.com\/fr\/wp-json\/wp\/v2\/users\/1"}],"replies":[{"embeddable":true,"href":"https:\/\/www.hotoilboiler.com\/fr\/wp-json\/wp\/v2\/comments?post=498"}],"version-history":[{"count":0,"href":"https:\/\/www.hotoilboiler.com\/fr\/wp-json\/wp\/v2\/pages\/498\/revisions"}],"wp:attachment":[{"href":"https:\/\/www.hotoilboiler.com\/fr\/wp-json\/wp\/v2\/media?parent=498"}],"curies":[{"name":"wp","href":"https:\/\/api.w.org\/{rel}","templated":true}]}}